{"id":7202,"date":"2024-05-01T06:28:21","date_gmt":"2024-05-01T06:28:21","guid":{"rendered":"https:\/\/www.voxzogo.com\/de-de\/?page_id=7202"},"modified":"2024-05-02T07:30:19","modified_gmt":"2024-05-02T07:30:19","slug":"impressum","status":"publish","type":"page","link":"https:\/\/www.voxzogo.com\/de-de\/impressum\/","title":{"rendered":"Impressum"},"content":{"rendered":"\t\t<div data-elementor-type=\"wp-page\" data-elementor-id=\"7202\" class=\"elementor elementor-7202\">\n\t\t\t\t\t\t<section class=\"elementor-section elementor-top-section elementor-element elementor-element-58a83cf content-area common-box content-area-inner elementor-section-boxed elementor-section-height-default elementor-section-height-default\" data-id=\"58a83cf\" data-element_type=\"section\">\n\t\t\t\t\t\t<div class=\"elementor-container elementor-column-gap-default\">\n\t\t\t\t\t<div class=\"elementor-column elementor-col-100 elementor-top-column elementor-element elementor-element-9f0201a\" data-id=\"9f0201a\" data-element_type=\"column\">\n\t\t\t<div class=\"elementor-widget-wrap elementor-element-populated\">\n\t\t\t\t\t\t<div class=\"elementor-element elementor-element-e69b3c4 page-heading elementor-widget elementor-widget-heading\" data-id=\"e69b3c4\" data-element_type=\"widget\" data-widget_type=\"heading.default\">\n\t\t\t\t<div class=\"elementor-widget-container\">\n\t\t\t\t\t<h1 class=\"elementor-heading-title elementor-size-default\">Impressum<\/h1>\t\t\t\t<\/div>\n\t\t\t\t<\/div>\n\t\t\t\t<div class=\"elementor-element elementor-element-71d40d2 elementor-widget elementor-widget-heading\" data-id=\"71d40d2\" data-element_type=\"widget\" data-widget_type=\"heading.default\">\n\t\t\t\t<div class=\"elementor-widget-container\">\n\t\t\t\t\t<h3 class=\"elementor-heading-title elementor-size-default\">Herausgeber:\n<\/h3>\t\t\t\t<\/div>\n\t\t\t\t<\/div>\n\t\t\t\t<div class=\"elementor-element elementor-element-e3e28d6 elementor-widget elementor-widget-text-editor\" data-id=\"e3e28d6\" data-element_type=\"widget\" data-widget_type=\"text-editor.default\">\n\t\t\t\t<div class=\"elementor-widget-container\">\n\t\t\t\t\t\t\t\t\t<p class=\"font-small\" style=\"margin-bottom: 8px;\">BioMarin Deutschland GmbH<\/p>\t\t\t\t\t\t\t\t<\/div>\n\t\t\t\t<\/div>\n\t\t\t\t<div class=\"elementor-element elementor-element-4e16fc1 elementor-widget elementor-widget-text-editor\" data-id=\"4e16fc1\" data-element_type=\"widget\" data-widget_type=\"text-editor.default\">\n\t\t\t\t<div class=\"elementor-widget-container\">\n\t\t\t\t\t\t\t\t\t<p class=\"font-small\" style=\"margin-bottom: 8px;\">Westerbachstra\u00dfe 28<\/p>\t\t\t\t\t\t\t\t<\/div>\n\t\t\t\t<\/div>\n\t\t\t\t<div class=\"elementor-element elementor-element-5b22ad6 elementor-widget elementor-widget-text-editor\" data-id=\"5b22ad6\" data-element_type=\"widget\" data-widget_type=\"text-editor.default\">\n\t\t\t\t<div class=\"elementor-widget-container\">\n\t\t\t\t\t\t\t\t\t<p class=\"font-small\">61476 Kronberg (Ts.)<\/p>\t\t\t\t\t\t\t\t<\/div>\n\t\t\t\t<\/div>\n\t\t\t\t<div class=\"elementor-element elementor-element-483d538 elementor-widget elementor-widget-text-editor\" data-id=\"483d538\" data-element_type=\"widget\" data-widget_type=\"text-editor.default\">\n\t\t\t\t<div class=\"elementor-widget-container\">\n\t\t\t\t\t\t\t\t\t<p class=\"font-small\" style=\"margin-bottom: 8px;\">Tel. +49 (0)6173 98 90 100<\/p>\t\t\t\t\t\t\t\t<\/div>\n\t\t\t\t<\/div>\n\t\t\t\t<div class=\"elementor-element elementor-element-4fbd63b elementor-widget elementor-widget-text-editor\" data-id=\"4fbd63b\" data-element_type=\"widget\" data-widget_type=\"text-editor.default\">\n\t\t\t\t<div class=\"elementor-widget-container\">\n\t\t\t\t\t\t\t\t\t<p class=\"font-small\" style=\"margin-bottom: 8px;\">Fax +49 (0)6173 98 90 109<\/p>\t\t\t\t\t\t\t\t<\/div>\n\t\t\t\t<\/div>\n\t\t\t\t<div class=\"elementor-element elementor-element-75e822a elementor-widget elementor-widget-text-editor\" data-id=\"75e822a\" data-element_type=\"widget\" data-widget_type=\"text-editor.default\">\n\t\t\t\t<div class=\"elementor-widget-container\">\n\t\t\t\t\t\t\t\t\t<p class=\"font-small\"><a href=\"https:\/\/www.biomarin.eu\" target=\"_blank\">www.biomarin.eu<\/a><\/p>\t\t\t\t\t\t\t\t<\/div>\n\t\t\t\t<\/div>\n\t\t\t\t<div class=\"elementor-element elementor-element-8e701c5 elementor-widget elementor-widget-text-editor\" data-id=\"8e701c5\" data-element_type=\"widget\" data-widget_type=\"text-editor.default\">\n\t\t\t\t<div class=\"elementor-widget-container\">\n\t\t\t\t\t\t\t\t\t<p class=\"font-small\">Gesch\u00e4ftsf\u00fchrer: James Lennertz, Richard Morris, Christian Look, Eric Davis, Brian Keogh<\/p>\t\t\t\t\t\t\t\t<\/div>\n\t\t\t\t<\/div>\n\t\t\t\t<div class=\"elementor-element elementor-element-2353a56 elementor-widget elementor-widget-text-editor\" data-id=\"2353a56\" data-element_type=\"widget\" data-widget_type=\"text-editor.default\">\n\t\t\t\t<div class=\"elementor-widget-container\">\n\t\t\t\t\t\t\t\t\t<p class=\"font-small\">Amtsgericht Frankfurt \u2013 Registergericht \u2013 HRB 95536<\/p>\t\t\t\t\t\t\t\t<\/div>\n\t\t\t\t<\/div>\n\t\t\t\t<div class=\"elementor-element elementor-element-fb6070b elementor-widget elementor-widget-text-editor\" data-id=\"fb6070b\" data-element_type=\"widget\" data-widget_type=\"text-editor.default\">\n\t\t\t\t<div class=\"elementor-widget-container\">\n\t\t\t\t\t\t\t\t\t<p class=\"font-small\">Umsatzsteuernummer: DE293701259<\/p>\t\t\t\t\t\t\t\t<\/div>\n\t\t\t\t<\/div>\n\t\t\t\t\t<\/div>\n\t\t<\/div>\n\t\t\t\t\t<\/div>\n\t\t<\/section>\n\t\t\t\t<\/div>\n\t\t","protected":false},"excerpt":{"rendered":"<p>Impressum Herausgeber: BioMarin Deutschland GmbH Westerbachstra\u00dfe 28 61476 Kronberg (Ts.) Tel. +49 (0)6173 98 90 100 Fax +49 (0)6173 98 90 109 www.biomarin.eu Gesch\u00e4ftsf\u00fchrer: James Lennertz, Richard Morris, Christian Look, Eric Davis, Brian Keogh Amtsgericht Frankfurt \u2013 Registergericht \u2013 HRB 95536 Umsatzsteuernummer: DE293701259<\/p>\n","protected":false},"author":1,"featured_media":0,"parent":0,"menu_order":0,"comment_status":"closed","ping_status":"closed","template":"template\/basic-template.php","meta":{"_acf_changed":false,"inline_featured_image":false,"footnotes":""},"class_list":["post-7202","page","type-page","status-publish","hentry","entry"],"acf":[],"yoast_head":"<!-- This site is optimized with the Yoast SEO plugin v24.3 - https:\/\/yoast.com\/wordpress\/plugins\/seo\/ -->\n<title>Impressum - VOXZOGO<\/title>\n<meta name=\"robots\" content=\"index, follow, max-snippet:-1, max-image-preview:large, max-video-preview:-1\" \/>\n<link rel=\"canonical\" href=\"https:\/\/www.voxzogo.com\/de-de\/impressum\/\" \/>\n<meta property=\"og:locale\" content=\"en_US\" \/>\n<meta property=\"og:type\" content=\"article\" \/>\n<meta property=\"og:title\" content=\"Impressum - VOXZOGO\" \/>\n<meta property=\"og:description\" content=\"Impressum Herausgeber: BioMarin Deutschland GmbH Westerbachstra\u00dfe 28 61476 Kronberg (Ts.) Tel. +49 (0)6173 98 90 100 Fax +49 (0)6173 98 90 109 www.biomarin.eu Gesch\u00e4ftsf\u00fchrer: James Lennertz, Richard Morris, Christian Look, Eric Davis, Brian Keogh Amtsgericht Frankfurt \u2013 Registergericht \u2013 HRB 95536 Umsatzsteuernummer: DE293701259\" \/>\n<meta property=\"og:url\" content=\"https:\/\/www.voxzogo.com\/de-de\/impressum\/\" \/>\n<meta property=\"og:site_name\" content=\"VOXZOGO\" \/>\n<meta property=\"article:modified_time\" content=\"2024-05-02T07:30:19+00:00\" \/>\n<meta name=\"twitter:card\" content=\"summary_large_image\" \/>\n<meta name=\"twitter:label1\" content=\"Est. reading time\" \/>\n\t<meta name=\"twitter:data1\" content=\"1 minute\" \/>\n<script type=\"application\/ld+json\" class=\"yoast-schema-graph\">{\"@context\":\"https:\/\/schema.org\",\"@graph\":[{\"@type\":\"WebPage\",\"@id\":\"https:\/\/www.voxzogo.com\/de-de\/impressum\/\",\"url\":\"https:\/\/www.voxzogo.com\/de-de\/impressum\/\",\"name\":\"Impressum - VOXZOGO\",\"isPartOf\":{\"@id\":\"https:\/\/www.voxzogo.com\/de-de\/#website\"},\"datePublished\":\"2024-05-01T06:28:21+00:00\",\"dateModified\":\"2024-05-02T07:30:19+00:00\",\"inLanguage\":\"en-US\",\"potentialAction\":[{\"@type\":\"ReadAction\",\"target\":[\"https:\/\/www.voxzogo.com\/de-de\/impressum\/\"]}]},{\"@type\":\"WebSite\",\"@id\":\"https:\/\/www.voxzogo.com\/de-de\/#website\",\"url\":\"https:\/\/www.voxzogo.com\/de-de\/\",\"name\":\"VOXZOGO\",\"description\":\"VOXZOGO HCP\",\"potentialAction\":[{\"@type\":\"SearchAction\",\"target\":{\"@type\":\"EntryPoint\",\"urlTemplate\":\"https:\/\/www.voxzogo.com\/de-de\/?s={search_term_string}\"},\"query-input\":{\"@type\":\"PropertyValueSpecification\",\"valueRequired\":true,\"valueName\":\"search_term_string\"}}],\"inLanguage\":\"en-US\"}]}<\/script>\n<!-- \/ Yoast SEO plugin. -->","yoast_head_json":{"title":"Impressum - VOXZOGO","robots":{"index":"index","follow":"follow","max-snippet":"max-snippet:-1","max-image-preview":"max-image-preview:large","max-video-preview":"max-video-preview:-1"},"canonical":"https:\/\/www.voxzogo.com\/de-de\/impressum\/","og_locale":"en_US","og_type":"article","og_title":"Impressum - VOXZOGO","og_description":"Impressum Herausgeber: BioMarin Deutschland GmbH Westerbachstra\u00dfe 28 61476 Kronberg (Ts.) Tel. +49 (0)6173 98 90 100 Fax +49 (0)6173 98 90 109 www.biomarin.eu Gesch\u00e4ftsf\u00fchrer: James Lennertz, Richard Morris, Christian Look, Eric Davis, Brian Keogh Amtsgericht Frankfurt \u2013 Registergericht \u2013 HRB 95536 Umsatzsteuernummer: DE293701259","og_url":"https:\/\/www.voxzogo.com\/de-de\/impressum\/","og_site_name":"VOXZOGO","article_modified_time":"2024-05-02T07:30:19+00:00","twitter_card":"summary_large_image","twitter_misc":{"Est. reading time":"1 minute"},"schema":{"@context":"https:\/\/schema.org","@graph":[{"@type":"WebPage","@id":"https:\/\/www.voxzogo.com\/de-de\/impressum\/","url":"https:\/\/www.voxzogo.com\/de-de\/impressum\/","name":"Impressum - VOXZOGO","isPartOf":{"@id":"https:\/\/www.voxzogo.com\/de-de\/#website"},"datePublished":"2024-05-01T06:28:21+00:00","dateModified":"2024-05-02T07:30:19+00:00","inLanguage":"en-US","potentialAction":[{"@type":"ReadAction","target":["https:\/\/www.voxzogo.com\/de-de\/impressum\/"]}]},{"@type":"WebSite","@id":"https:\/\/www.voxzogo.com\/de-de\/#website","url":"https:\/\/www.voxzogo.com\/de-de\/","name":"VOXZOGO","description":"VOXZOGO HCP","potentialAction":[{"@type":"SearchAction","target":{"@type":"EntryPoint","urlTemplate":"https:\/\/www.voxzogo.com\/de-de\/?s={search_term_string}"},"query-input":{"@type":"PropertyValueSpecification","valueRequired":true,"valueName":"search_term_string"}}],"inLanguage":"en-US"}]}},"_links":{"self":[{"href":"https:\/\/www.voxzogo.com\/de-de\/wp-json\/wp\/v2\/pages\/7202","targetHints":{"allow":["GET"]}}],"collection":[{"href":"https:\/\/www.voxzogo.com\/de-de\/wp-json\/wp\/v2\/pages"}],"about":[{"href":"https:\/\/www.voxzogo.com\/de-de\/wp-json\/wp\/v2\/types\/page"}],"author":[{"embeddable":true,"href":"https:\/\/www.voxzogo.com\/de-de\/wp-json\/wp\/v2\/users\/1"}],"replies":[{"embeddable":true,"href":"https:\/\/www.voxzogo.com\/de-de\/wp-json\/wp\/v2\/comments?post=7202"}],"version-history":[{"count":35,"href":"https:\/\/www.voxzogo.com\/de-de\/wp-json\/wp\/v2\/pages\/7202\/revisions"}],"predecessor-version":[{"id":7287,"href":"https:\/\/www.voxzogo.com\/de-de\/wp-json\/wp\/v2\/pages\/7202\/revisions\/7287"}],"wp:attachment":[{"href":"https:\/\/www.voxzogo.com\/de-de\/wp-json\/wp\/v2\/media?parent=7202"}],"curies":[{"name":"wp","href":"https:\/\/api.w.org\/{rel}","templated":true}]}}