{"id":2054,"date":"2023-04-06T07:23:14","date_gmt":"2023-04-06T07:23:14","guid":{"rendered":"https:\/\/www.voxzogo.com\/es-us\/?page_id=2054"},"modified":"2025-02-05T11:02:19","modified_gmt":"2025-02-05T11:02:19","slug":"como-puede-ayudar-voxzogo","status":"publish","type":"page","link":"https:\/\/www.voxzogo.com\/es-us\/como-puede-ayudar-voxzogo\/","title":{"rendered":"How VOXZOGO Can Help"},"content":{"rendered":"<div id=\"acf-block-6668b1037650d\" class=\"block wrapped-content bg-band bg-band-secondary block-zero-top block-zero-bottom\">\n    <div class=\"wrapper\">\n        <div class=\"inner-wrapper\">\n                \n<div id=\"acf-block-6668b10376680\" class=\"block-wysiwyg\">\n            <h1 style=\"margin-bottom:0rem\">Los ni&#xF1;os que reciben VOXZOGO pueden crecer m&#xE1;s que sin tratamiento<\/h1>\n    <\/div>\n        <\/div>\n    <\/div>\n<\/div>\n\n<div id=\"acf-block-642fc106bd362\" class=\"block wrapped-content block-tight-top block-zero-bottom\">\n    <div class=\"wrapper\">\n        <div class=\"inner-wrapper\">\n                \n<div id=\"acf-block-642fc106bd475\" class=\"block-wysiwyg\">\n            <h2>Consulte los resultados de los ensayos cl&#xED;nicos de VOXZOGO&#xAE;(vosoritida).<\/h2>\n<p>En un estudio cl&#xED;nico de 121 ni&#xF1;os de 5 a 15 a&#xF1;os de edad, el crecimiento lineal se midi&#xF3; utilizando la velocidad de crecimiento anualizada, o AGV, durante 1 a&#xF1;o.<\/p>\n<ul>\n<li>AGV es una forma medible de estudiar el impacto de VOXZOGO<\/li>\n<\/ul>\n    <\/div>\n\n<figure id=\"acf-block-642fc8664d894\">\n    <div class=\"image image-rounded image-align-left\">\n                    <img decoding=\"async\" class=\"\" src=\"https:\/\/www.voxzogo.com\/es-us\/wp-content\/uploads\/sites\/7\/2025\/01\/BVOX_PatWebSite_SeeTheResults_Graphic_New-1900x752_ES-1900x752.png\" alt=\"\"\/>            <\/div>\n    <\/figure>\n        <\/div>\n    <\/div>\n<\/div>\n\n<div id=\"acf-block-666759e2d5f38\" class=\"block boxed-content block-tight-top block-tight-bottom\">\n\t<div class=\"wrapper\">\n\t\t<div class=\"inner-wrapper\">\n\t\t\t<div class=\"box\">\n\t\t\t\t\t\t\t\t\n<div id=\"acf-block-66680009bfb50\" class=\"block-wysiwyg\">\n            <h2>En el a&#xF1;o 3, la velocidad de crecimiento anualizada fue de 2.02 pulgadas\/a&#xF1;o<sup>&#x2020;<\/sup><\/h2>\n    <\/div>\n\t\t\t<\/div>\n\t\t<\/div>\n\t<\/div>\n<\/div>\n\n<div id=\"acf-block-642fd0eca828a\" class=\"block wrapped-content block-zero-top\">\n    <div class=\"wrapper\">\n        <div class=\"inner-wrapper\">\n                \n<div id=\"acf-block-6478a84aebe47\" class=\"block-wysiwyg\">\n            <p style=\"color: #707070;font-size: 0.8rem\">*En los ensayos cl&#xED;nicos con VOXZOGO, se inscribieron ni&#xF1;os de 5 a 15 a&#xF1;os de edad. En 2023, la FDA aprob&#xF3; VOXZOGO para ni&#xF1;os de 2 a&#xF1;os o m&#xE1;s.<\/p>\n<p style=\"color: #707070;font-size: 0.8rem\"><sup>&#x2020;<\/sup>Estos resultados provienen de un estudio de extensi&#xF3;n abierto. Este estudio no ten&#xED;a un grupo de placebo, y los cuidadores, los pacientes y los m&#xE9;dicos sab&#xED;an que todos los ni&#xF1;os recibieron VOXZOGO.<\/p>\n    <\/div>\n        <\/div>\n    <\/div>\n<\/div>","protected":false},"excerpt":{"rendered":"","protected":false},"author":4,"featured_media":0,"parent":0,"menu_order":0,"comment_status":"closed","ping_status":"closed","template":"","meta":{"_acf_changed":false,"inline_featured_image":false,"footnotes":""},"class_list":["post-2054","page","type-page","status-publish","hentry"],"acf":[],"yoast_head":"<!-- This site is optimized with the Yoast SEO plugin v27.1.1 - https:\/\/yoast.com\/product\/yoast-seo-wordpress\/ -->\n<title>C\u00f3mo puede ayudar VOXZOGO | VOXZOGO (vosoritida)<\/title>\n<meta name=\"description\" content=\"Explorar c\u00f3mo se estudi\u00f3 VOXZOGO\u00ae (vosoritida) en dos ensayos cl\u00ednicos separados de pacientes pedi\u00e1tricos de 5 a\u00f1os y mayores.\" \/>\n<meta name=\"robots\" content=\"index, follow, max-snippet:-1, max-image-preview:large, max-video-preview:-1\" \/>\n<link rel=\"canonical\" href=\"https:\/\/www.voxzogo.com\/es-us\/como-puede-ayudar-voxzogo\/\" \/>\n<meta property=\"og:locale\" content=\"es_ES\" \/>\n<meta property=\"og:type\" content=\"article\" \/>\n<meta property=\"og:title\" content=\"C\u00f3mo puede ayudar VOXZOGO | VOXZOGO (vosoritida)\" \/>\n<meta property=\"og:description\" content=\"Explorar c\u00f3mo se estudi\u00f3 VOXZOGO\u00ae (vosoritida) en dos ensayos cl\u00ednicos separados de pacientes pedi\u00e1tricos de 5 a\u00f1os y mayores.\" \/>\n<meta property=\"og:url\" content=\"https:\/\/www.voxzogo.com\/es-us\/como-puede-ayudar-voxzogo\/\" \/>\n<meta property=\"og:site_name\" content=\"BioMarin Voxzogo Patient ES-US\" \/>\n<meta property=\"article:modified_time\" content=\"2025-02-05T11:02:19+00:00\" \/>\n<meta name=\"twitter:card\" content=\"summary_large_image\" \/>\n<script type=\"application\/ld+json\" class=\"yoast-schema-graph\">{\"@context\":\"https:\/\/schema.org\",\"@graph\":[{\"@type\":\"WebPage\",\"@id\":\"https:\/\/www.voxzogo.com\/es-us\/como-puede-ayudar-voxzogo\/\",\"url\":\"https:\/\/www.voxzogo.com\/es-us\/como-puede-ayudar-voxzogo\/\",\"name\":\"C\u00f3mo puede ayudar VOXZOGO | VOXZOGO (vosoritida)\",\"isPartOf\":{\"@id\":\"https:\/\/www.voxzogo.com\/es-us\/#website\"},\"datePublished\":\"2023-04-06T07:23:14+00:00\",\"dateModified\":\"2025-02-05T11:02:19+00:00\",\"description\":\"Explorar c\u00f3mo se estudi\u00f3 VOXZOGO\u00ae (vosoritida) en dos ensayos cl\u00ednicos separados de pacientes pedi\u00e1tricos de 5 a\u00f1os y mayores.\",\"breadcrumb\":{\"@id\":\"https:\/\/www.voxzogo.com\/es-us\/como-puede-ayudar-voxzogo\/#breadcrumb\"},\"inLanguage\":\"es\",\"potentialAction\":[{\"@type\":\"ReadAction\",\"target\":[\"https:\/\/www.voxzogo.com\/es-us\/como-puede-ayudar-voxzogo\/\"]}]},{\"@type\":\"BreadcrumbList\",\"@id\":\"https:\/\/www.voxzogo.com\/es-us\/como-puede-ayudar-voxzogo\/#breadcrumb\",\"itemListElement\":[{\"@type\":\"ListItem\",\"position\":1,\"name\":\"Home\",\"item\":\"https:\/\/www.voxzogo.com\/es-us\/\"},{\"@type\":\"ListItem\",\"position\":2,\"name\":\"How VOXZOGO Can Help\"}]},{\"@type\":\"WebSite\",\"@id\":\"https:\/\/www.voxzogo.com\/es-us\/#website\",\"url\":\"https:\/\/www.voxzogo.com\/es-us\/\",\"name\":\"BioMarin Voxzogo Patient ES-US\",\"description\":\"\",\"potentialAction\":[{\"@type\":\"SearchAction\",\"target\":{\"@type\":\"EntryPoint\",\"urlTemplate\":\"https:\/\/www.voxzogo.com\/es-us\/?s={search_term_string}\"},\"query-input\":{\"@type\":\"PropertyValueSpecification\",\"valueRequired\":true,\"valueName\":\"search_term_string\"}}],\"inLanguage\":\"es\"}]}<\/script>\n<!-- \/ Yoast SEO plugin. -->","yoast_head_json":{"title":"C\u00f3mo puede ayudar VOXZOGO | VOXZOGO (vosoritida)","description":"Explorar c\u00f3mo se estudi\u00f3 VOXZOGO\u00ae (vosoritida) en dos ensayos cl\u00ednicos separados de pacientes pedi\u00e1tricos de 5 a\u00f1os y mayores.","robots":{"index":"index","follow":"follow","max-snippet":"max-snippet:-1","max-image-preview":"max-image-preview:large","max-video-preview":"max-video-preview:-1"},"canonical":"https:\/\/www.voxzogo.com\/es-us\/como-puede-ayudar-voxzogo\/","og_locale":"es_ES","og_type":"article","og_title":"C\u00f3mo puede ayudar VOXZOGO | VOXZOGO (vosoritida)","og_description":"Explorar c\u00f3mo se estudi\u00f3 VOXZOGO\u00ae (vosoritida) en dos ensayos cl\u00ednicos separados de pacientes pedi\u00e1tricos de 5 a\u00f1os y mayores.","og_url":"https:\/\/www.voxzogo.com\/es-us\/como-puede-ayudar-voxzogo\/","og_site_name":"BioMarin Voxzogo Patient ES-US","article_modified_time":"2025-02-05T11:02:19+00:00","twitter_card":"summary_large_image","schema":{"@context":"https:\/\/schema.org","@graph":[{"@type":"WebPage","@id":"https:\/\/www.voxzogo.com\/es-us\/como-puede-ayudar-voxzogo\/","url":"https:\/\/www.voxzogo.com\/es-us\/como-puede-ayudar-voxzogo\/","name":"C\u00f3mo puede ayudar VOXZOGO | VOXZOGO (vosoritida)","isPartOf":{"@id":"https:\/\/www.voxzogo.com\/es-us\/#website"},"datePublished":"2023-04-06T07:23:14+00:00","dateModified":"2025-02-05T11:02:19+00:00","description":"Explorar c\u00f3mo se estudi\u00f3 VOXZOGO\u00ae (vosoritida) en dos ensayos cl\u00ednicos separados de pacientes pedi\u00e1tricos de 5 a\u00f1os y mayores.","breadcrumb":{"@id":"https:\/\/www.voxzogo.com\/es-us\/como-puede-ayudar-voxzogo\/#breadcrumb"},"inLanguage":"es","potentialAction":[{"@type":"ReadAction","target":["https:\/\/www.voxzogo.com\/es-us\/como-puede-ayudar-voxzogo\/"]}]},{"@type":"BreadcrumbList","@id":"https:\/\/www.voxzogo.com\/es-us\/como-puede-ayudar-voxzogo\/#breadcrumb","itemListElement":[{"@type":"ListItem","position":1,"name":"Home","item":"https:\/\/www.voxzogo.com\/es-us\/"},{"@type":"ListItem","position":2,"name":"How VOXZOGO Can Help"}]},{"@type":"WebSite","@id":"https:\/\/www.voxzogo.com\/es-us\/#website","url":"https:\/\/www.voxzogo.com\/es-us\/","name":"BioMarin Voxzogo Patient ES-US","description":"","potentialAction":[{"@type":"SearchAction","target":{"@type":"EntryPoint","urlTemplate":"https:\/\/www.voxzogo.com\/es-us\/?s={search_term_string}"},"query-input":{"@type":"PropertyValueSpecification","valueRequired":true,"valueName":"search_term_string"}}],"inLanguage":"es"}]}},"_links":{"self":[{"href":"https:\/\/www.voxzogo.com\/es-us\/wp-json\/wp\/v2\/pages\/2054","targetHints":{"allow":["GET"]}}],"collection":[{"href":"https:\/\/www.voxzogo.com\/es-us\/wp-json\/wp\/v2\/pages"}],"about":[{"href":"https:\/\/www.voxzogo.com\/es-us\/wp-json\/wp\/v2\/types\/page"}],"author":[{"embeddable":true,"href":"https:\/\/www.voxzogo.com\/es-us\/wp-json\/wp\/v2\/users\/4"}],"replies":[{"embeddable":true,"href":"https:\/\/www.voxzogo.com\/es-us\/wp-json\/wp\/v2\/comments?post=2054"}],"version-history":[{"count":318,"href":"https:\/\/www.voxzogo.com\/es-us\/wp-json\/wp\/v2\/pages\/2054\/revisions"}],"predecessor-version":[{"id":5480,"href":"https:\/\/www.voxzogo.com\/es-us\/wp-json\/wp\/v2\/pages\/2054\/revisions\/5480"}],"wp:attachment":[{"href":"https:\/\/www.voxzogo.com\/es-us\/wp-json\/wp\/v2\/media?parent=2054"}],"curies":[{"name":"wp","href":"https:\/\/api.w.org\/{rel}","templated":true}]}}