{"id":2057,"date":"2023-04-06T07:28:27","date_gmt":"2023-04-06T07:28:27","guid":{"rendered":"https:\/\/www.voxzogo.com\/es-us\/?page_id=2057"},"modified":"2025-02-05T11:05:10","modified_gmt":"2025-02-05T11:05:10","slug":"preparacion","status":"publish","type":"page","link":"https:\/\/www.voxzogo.com\/es-us\/preparacion\/","title":{"rendered":"Getting Ready"},"content":{"rendered":"<div id=\"acf-block-66671d9773944\" class=\"hero hero-no-overlay\">\n                <div class=\"hero-background-image hero-background-image-mobile\" style=\"background-image: url(https:\/\/www.voxzogo.com\/es-us\/wp-content\/uploads\/sites\/7\/2024\/06\/getting_ready_hero_mobile.jpg?v=0.156); background-position: center;\"><\/div>\n            <div class=\"hero-background-image hero-background-image-tablet\" style=\"background-image: url(https:\/\/www.voxzogo.com\/es-us\/wp-content\/uploads\/sites\/7\/2024\/07\/Shawn-tablet.png?v=0.156); background-position: center;\"><\/div>\n            <div class=\"hero-background-image hero-background-image-desktop\" style=\"background-image: url(https:\/\/www.voxzogo.com\/es-us\/wp-content\/uploads\/sites\/7\/2024\/08\/getting_ready_hero_2.jpg?v=0.156); background-position: center;\"><\/div>\n        <div class=\"overlay\"><\/div>\n    <div class=\"wrapper\">\n        <div class=\"inner-wrapper\">\n            <div class=\"hero-content\">\n                                                    <h1>El momento de hablar sobre VOXZOGO es antes de que los huesos de su hijo dejen de crecer\n<\/h1>\n                                                                                                                \t\t\t\t    <div class=\"image-caption\">\n\t\t\t\t\t    <p>Shawn, 8 a&#xF1;os, que recibi&#xF3; VOXZOGO desde los 4 a&#xF1;os de edad como parte de un ensayo cl&#xED;nico<\/p>\n\t\t\t\t    <\/div>\n\t\t\t\t                            <\/div>\n        <\/div>\n    <\/div>\n<\/div>\n\n\n<div id=\"acf-block-63f60235e21ec\" class=\"block wrapped-content block-zero-bottom\">\n    <div class=\"wrapper\">\n        <div class=\"inner-wrapper\">\n                \n<div id=\"acf-block-63f60235e2203\" class=\"block-wysiwyg\">\n            <h2>VOXZOGO&#xAE; (vosoritida) puede ayudar a aumentar el crecimiento lineal, pero solo mientras las placas epifisarias de su hijo permanecen abiertas.<\/h2>\n    <\/div>\n\n<figure id=\"acf-block-66681a47c71d4\">\n    <div class=\"image image-rounded image-align-left\">\n                    <img decoding=\"async\" class=\"\" src=\"https:\/\/www.voxzogo.com\/es-us\/wp-content\/uploads\/sites\/7\/2025\/01\/BVOX_PatWebSite_GettingReady_Chart-1900x808_ES-1900x808.png\" alt=\"\"\/>            <\/div>\n    <\/figure>\n        <\/div>\n    <\/div>\n<\/div>\n\n<div id=\"acf-block-666759e2d5f38\" class=\"block boxed-content block-tight-top\">\n\t<div class=\"wrapper\">\n\t\t<div class=\"inner-wrapper\">\n\t\t\t<div class=\"box\">\n\t\t\t\t\t\t\t\t\n<div id=\"acf-block-66680009bfb50\" class=\"block-wysiwyg\">\n            <h2>Hable con su m&#xE9;dico acerca de empezar a tomar VOXZOGO de manera temprana y continuar con el tratamiento hasta que se cierren las placas epifisarias.<\/h2>\n    <\/div>\n\t\t\t<\/div>\n\t\t<\/div>\n\t<\/div>\n<\/div>\n\n<div id=\"acf-block-66682eba14268\" class=\"block wrapped-content bg-band bg-band-secondary block-tight-top block-zero-bottom\">\n    <div class=\"wrapper\">\n        <div class=\"inner-wrapper\">\n                \n<div id=\"acf-block-66682eba1428e\" class=\"block-wysiwyg\">\n            <h4>&#xBF;Busca a un m&#xE9;dico que trate a ni&#xF1;os con acondroplasia?<\/h4>\n<p><a class=\"button button-arrow\" href=\"..\/acondroplasia-buscador-medico\/\" target=\"_self\">Visite el buscador de m&#xE9;dicos de acondroplasia<\/a><\/p>\n    <\/div>\n        <\/div>\n    <\/div>\n<\/div>\n\n<div id=\"acf-block-6673f0cbb2603\" class=\"block wide-call-to-action block-tight-top block-zero-top block-tight-bottom block-zero-bottom\">\n    <div class=\"wrapper\">\n\t\t<div class=\"inner-wrapper\">\n\t\t\t<div class=\"cta-content\">\n                                    <div class=\"title-block\">\n                        <h2>&#xBF;Tiene preguntas adicionales?<\/h2>\n                    <\/div>\n                                <div class=\"content-block\">\n                                            <h3>Haga que un representante local de BioMarin se comunique con usted.<\/h3>\n                                                                \n                        <p><a class=\"button button-ghost button-arrow\" href=\"https:\/\/www.voxzogo.com\/es-us\/comunicarse-con-un-representante\/\" target=\"_self\">Comunicarse con un representante<\/a><\/p>\n                                    <\/div>\n            <\/div>            \n\t\t<\/div>\n\t<\/div>\n<\/div>","protected":false},"excerpt":{"rendered":"","protected":false},"author":4,"featured_media":0,"parent":0,"menu_order":0,"comment_status":"closed","ping_status":"closed","template":"","meta":{"_acf_changed":false,"inline_featured_image":false,"footnotes":""},"class_list":["post-2057","page","type-page","status-publish","hentry"],"acf":[],"yoast_head":"<!-- This site is optimized with the Yoast SEO plugin v27.4 - https:\/\/yoast.com\/product\/yoast-seo-wordpress\/ -->\n<title>Preparaci\u00f3n | VOXZOGO\u00ae (vosoritida)<\/title>\n<meta name=\"description\" content=\"Obtenga m\u00e1s informaci\u00f3n sobre la preparaci\u00f3n para VOXZOGO\u00ae (vosoritida).\" \/>\n<meta name=\"robots\" content=\"index, follow, max-snippet:-1, max-image-preview:large, max-video-preview:-1\" \/>\n<link rel=\"canonical\" href=\"https:\/\/www.voxzogo.com\/es-us\/preparacion\/\" \/>\n<meta property=\"og:locale\" content=\"es_ES\" \/>\n<meta property=\"og:type\" content=\"article\" \/>\n<meta property=\"og:title\" content=\"Preparaci\u00f3n | VOXZOGO\u00ae (vosoritida)\" \/>\n<meta property=\"og:description\" content=\"Obtenga m\u00e1s informaci\u00f3n sobre la preparaci\u00f3n para VOXZOGO\u00ae (vosoritida).\" \/>\n<meta property=\"og:url\" content=\"https:\/\/www.voxzogo.com\/es-us\/preparacion\/\" \/>\n<meta property=\"og:site_name\" content=\"BioMarin Voxzogo Patient ES-US\" \/>\n<meta property=\"article:modified_time\" content=\"2025-02-05T11:05:10+00:00\" \/>\n<meta name=\"twitter:card\" content=\"summary_large_image\" \/>\n<script type=\"application\/ld+json\" class=\"yoast-schema-graph\">{\"@context\":\"https:\\\/\\\/schema.org\",\"@graph\":[{\"@type\":\"WebPage\",\"@id\":\"https:\\\/\\\/www.voxzogo.com\\\/es-us\\\/preparacion\\\/\",\"url\":\"https:\\\/\\\/www.voxzogo.com\\\/es-us\\\/preparacion\\\/\",\"name\":\"Preparaci\u00f3n | VOXZOGO\u00ae (vosoritida)\",\"isPartOf\":{\"@id\":\"https:\\\/\\\/www.voxzogo.com\\\/es-us\\\/#website\"},\"datePublished\":\"2023-04-06T07:28:27+00:00\",\"dateModified\":\"2025-02-05T11:05:10+00:00\",\"description\":\"Obtenga m\u00e1s informaci\u00f3n sobre la preparaci\u00f3n para VOXZOGO\u00ae (vosoritida).\",\"breadcrumb\":{\"@id\":\"https:\\\/\\\/www.voxzogo.com\\\/es-us\\\/preparacion\\\/#breadcrumb\"},\"inLanguage\":\"es\",\"potentialAction\":[{\"@type\":\"ReadAction\",\"target\":[\"https:\\\/\\\/www.voxzogo.com\\\/es-us\\\/preparacion\\\/\"]}]},{\"@type\":\"BreadcrumbList\",\"@id\":\"https:\\\/\\\/www.voxzogo.com\\\/es-us\\\/preparacion\\\/#breadcrumb\",\"itemListElement\":[{\"@type\":\"ListItem\",\"position\":1,\"name\":\"Home\",\"item\":\"https:\\\/\\\/www.voxzogo.com\\\/es-us\\\/\"},{\"@type\":\"ListItem\",\"position\":2,\"name\":\"Getting Ready\"}]},{\"@type\":\"WebSite\",\"@id\":\"https:\\\/\\\/www.voxzogo.com\\\/es-us\\\/#website\",\"url\":\"https:\\\/\\\/www.voxzogo.com\\\/es-us\\\/\",\"name\":\"BioMarin Voxzogo Patient ES-US\",\"description\":\"\",\"potentialAction\":[{\"@type\":\"SearchAction\",\"target\":{\"@type\":\"EntryPoint\",\"urlTemplate\":\"https:\\\/\\\/www.voxzogo.com\\\/es-us\\\/?s={search_term_string}\"},\"query-input\":{\"@type\":\"PropertyValueSpecification\",\"valueRequired\":true,\"valueName\":\"search_term_string\"}}],\"inLanguage\":\"es\"}]}<\/script>\n<!-- \/ Yoast SEO plugin. -->","yoast_head_json":{"title":"Preparaci\u00f3n | VOXZOGO\u00ae (vosoritida)","description":"Obtenga m\u00e1s informaci\u00f3n sobre la preparaci\u00f3n para VOXZOGO\u00ae (vosoritida).","robots":{"index":"index","follow":"follow","max-snippet":"max-snippet:-1","max-image-preview":"max-image-preview:large","max-video-preview":"max-video-preview:-1"},"canonical":"https:\/\/www.voxzogo.com\/es-us\/preparacion\/","og_locale":"es_ES","og_type":"article","og_title":"Preparaci\u00f3n | VOXZOGO\u00ae (vosoritida)","og_description":"Obtenga m\u00e1s informaci\u00f3n sobre la preparaci\u00f3n para VOXZOGO\u00ae (vosoritida).","og_url":"https:\/\/www.voxzogo.com\/es-us\/preparacion\/","og_site_name":"BioMarin Voxzogo Patient ES-US","article_modified_time":"2025-02-05T11:05:10+00:00","twitter_card":"summary_large_image","schema":{"@context":"https:\/\/schema.org","@graph":[{"@type":"WebPage","@id":"https:\/\/www.voxzogo.com\/es-us\/preparacion\/","url":"https:\/\/www.voxzogo.com\/es-us\/preparacion\/","name":"Preparaci\u00f3n | VOXZOGO\u00ae (vosoritida)","isPartOf":{"@id":"https:\/\/www.voxzogo.com\/es-us\/#website"},"datePublished":"2023-04-06T07:28:27+00:00","dateModified":"2025-02-05T11:05:10+00:00","description":"Obtenga m\u00e1s informaci\u00f3n sobre la preparaci\u00f3n para VOXZOGO\u00ae (vosoritida).","breadcrumb":{"@id":"https:\/\/www.voxzogo.com\/es-us\/preparacion\/#breadcrumb"},"inLanguage":"es","potentialAction":[{"@type":"ReadAction","target":["https:\/\/www.voxzogo.com\/es-us\/preparacion\/"]}]},{"@type":"BreadcrumbList","@id":"https:\/\/www.voxzogo.com\/es-us\/preparacion\/#breadcrumb","itemListElement":[{"@type":"ListItem","position":1,"name":"Home","item":"https:\/\/www.voxzogo.com\/es-us\/"},{"@type":"ListItem","position":2,"name":"Getting Ready"}]},{"@type":"WebSite","@id":"https:\/\/www.voxzogo.com\/es-us\/#website","url":"https:\/\/www.voxzogo.com\/es-us\/","name":"BioMarin Voxzogo Patient ES-US","description":"","potentialAction":[{"@type":"SearchAction","target":{"@type":"EntryPoint","urlTemplate":"https:\/\/www.voxzogo.com\/es-us\/?s={search_term_string}"},"query-input":{"@type":"PropertyValueSpecification","valueRequired":true,"valueName":"search_term_string"}}],"inLanguage":"es"}]}},"_links":{"self":[{"href":"https:\/\/www.voxzogo.com\/es-us\/wp-json\/wp\/v2\/pages\/2057","targetHints":{"allow":["GET"]}}],"collection":[{"href":"https:\/\/www.voxzogo.com\/es-us\/wp-json\/wp\/v2\/pages"}],"about":[{"href":"https:\/\/www.voxzogo.com\/es-us\/wp-json\/wp\/v2\/types\/page"}],"author":[{"embeddable":true,"href":"https:\/\/www.voxzogo.com\/es-us\/wp-json\/wp\/v2\/users\/4"}],"replies":[{"embeddable":true,"href":"https:\/\/www.voxzogo.com\/es-us\/wp-json\/wp\/v2\/comments?post=2057"}],"version-history":[{"count":53,"href":"https:\/\/www.voxzogo.com\/es-us\/wp-json\/wp\/v2\/pages\/2057\/revisions"}],"predecessor-version":[{"id":5485,"href":"https:\/\/www.voxzogo.com\/es-us\/wp-json\/wp\/v2\/pages\/2057\/revisions\/5485"}],"wp:attachment":[{"href":"https:\/\/www.voxzogo.com\/es-us\/wp-json\/wp\/v2\/media?parent=2057"}],"curies":[{"name":"wp","href":"https:\/\/api.w.org\/{rel}","templated":true}]}}