{"id":2066,"date":"2023-04-06T07:36:40","date_gmt":"2023-04-06T07:36:40","guid":{"rendered":"https:\/\/www.voxzogo.com\/es-us\/?page_id=2066"},"modified":"2025-03-17T10:26:11","modified_gmt":"2025-03-17T10:26:11","slug":"videos-y-descargas","status":"publish","type":"page","link":"https:\/\/www.voxzogo.com\/es-us\/videos-y-descargas\/","title":{"rendered":"Videos y descargas"},"content":{"rendered":"<div id=\"acf-block-6668b1037650d\" class=\"block wrapped-content bg-band bg-band-secondary block-zero-top block-zero-bottom\">\n    <div class=\"wrapper\">\n        <div class=\"inner-wrapper\">\n                \n<div id=\"acf-block-6668b10376680\" class=\"block-wysiwyg\">\n            <h1 style=\"margin-bottom:0rem\">Encuentre informaci&#xF3;n &#xFA;til que le ayudar&#xE1; a aprender a lo largo de su tratamiento<\/h1>\n    <\/div>\n        <\/div>\n    <\/div>\n<\/div>\n\n<div id=\"downloads\" class=\"block cards cards-3-col bg-band bg-band-secondary block-zero-top block-zero-bottom\">\n\t<div class=\"wrapper\">\n\t\t<div class=\"inner-wrapper\">\n\t\t\t<div class=\"cards-title\">\n\t\t\t    \t\t\t\t\t\t\t\t    <h3 style=\"color:#685BC7\"><strong>PDF descargables<\/strong><\/h3>\n\t\t\t\t\t\t\t<\/div>\n\t\t\t<div class=\"cards-wrapper\">\n\t\t\t    \n<div id=\"acf-block-66672bccca509\" class=\"card card-fixed-button card-inner-image card-inner-image-large\" data-muted-autoplay=\"false\">\n        <div class=\"card-content\">\n                    <img decoding=\"async\" class=\"\" src=\"https:\/\/www.voxzogo.com\/es-us\/wp-content\/uploads\/sites\/7\/2025\/02\/Get-to-know-VOX-patient-leave-behind--e1738754154740.png?v=0.153\" alt=\"Image of PDF brochure titled Informese sobre VOXZOGO\"\/>                \n                                                                                                            <h4 style=\"font-size: 1.2rem\">Comprensi&#xF3;n de VOXZOGO<\/h4>\n                                                                                                                                                                                                                                                                        \n                                                                                        <\/div>\n                                <div class=\"card-actions\">\n                            \n                            <p><a class=\"button button-download\" href=\"https:\/\/www.voxzogo.com\/es-us\/wp-content\/uploads\/sites\/7\/2025\/02\/VOX-Patient-Leave-Behind-2023-Label-Expansion-Digital-Spanish.pdf?v=0.153\" target=\"_blank\">Descargar<\/a><\/p>\n                                                                                    <\/div>\n<\/div>\n\n<div id=\"acf-block-66672bccca5a2\" class=\"card card-fixed-button card-inner-image card-inner-image-large\" data-muted-autoplay=\"false\">\n        <div class=\"card-content\">\n                    <img decoding=\"async\" class=\"\" src=\"https:\/\/www.voxzogo.com\/es-us\/wp-content\/uploads\/sites\/7\/2025\/03\/VOX_HowToTalkToChild_Thumbnail.png?v=0.153\" alt=\"Image of PDF brochure titled Usted y su huo son un equipo\"\/>                \n                                                                                                            <h4 style=\"font-size: 1.2rem\">C&#xF3;mo hablar con su hijo sobre VOXZOGO<\/h4>\n                                                                                                                                                                                                                                                                        \n                                                                                        <\/div>\n                                <div class=\"card-actions\">\n                            \n                            <p><a class=\"button button-download\" href=\"https:\/\/www.voxzogo.com\/es-us\/wp-content\/uploads\/sites\/7\/2025\/03\/VOX-Patient-How-to-Talk-to-Child-2023-Label-Expansion-Digital-Spanish.pdf?v=0.153\" target=\"_blank\">Descargar<\/a><\/p>\n                                                                                    <\/div>\n<\/div>\n\n<div id=\"acf-block-66672bccca6ce\" class=\"card card-fixed-button card-inner-image card-inner-image-large\" data-muted-autoplay=\"false\">\n        <div class=\"card-content\">\n                    <img decoding=\"async\" class=\"\" src=\"https:\/\/www.voxzogo.com\/es-us\/wp-content\/uploads\/sites\/7\/2025\/02\/ACH_Growth_Curves_Spanish.png?v=0.153\" alt=\"\"\/>                \n                                                                                                            <h4 style=\"font-size: 1.2rem\">Gr&#xE1;ficos de crecimiento<\/h4>\n                                                                                                                                                                                                                                                                        \n                                                                                        <\/div>\n                                <div class=\"card-actions\">\n                            \n                            <p><a class=\"button button-download\" href=\"https:\/\/www.voxzogo.com\/es-us\/wp-content\/uploads\/sites\/7\/2025\/02\/US-ACH-00412-ACH-Growth-Curves-for-Caregivers-m4-es-US.pdf?v=0.153\" target=\"_blank\">Descargar<\/a><\/p>\n                                                                                    <\/div>\n<\/div>\n\t\t\t<\/div>\n\t\t<\/div>\n\t<\/div>\n<\/div>\n\n<div id=\"acf-block-6673f363674cd\" class=\"block wide-call-to-action block-tight-top block-zero-top block-tight-bottom block-zero-bottom\">\n    <div class=\"wrapper\">\n\t\t<div class=\"inner-wrapper\">\n\t\t\t<div class=\"cta-content\">\n                                    <div class=\"title-block\">\n                        <h2>&#xBF;Tiene preguntas adicionales?<\/h2>\n                    <\/div>\n                                <div class=\"content-block\">\n                                            <h3>Haga que un representante local de BioMarin se comunique con usted.<\/h3>\n                                                                \n                        <p><a class=\"button button-ghost button-arrow\" href=\"https:\/\/www.voxzogo.com\/es-us\/comunicarse-con-un-representante\/\" target=\"_self\">Comunicarse con un representante<\/a><\/p>\n                                    <\/div>\n            <\/div>            \n\t\t<\/div>\n\t<\/div>\n<\/div>","protected":false},"excerpt":{"rendered":"","protected":false},"author":4,"featured_media":0,"parent":0,"menu_order":0,"comment_status":"closed","ping_status":"closed","template":"","meta":{"_acf_changed":false,"inline_featured_image":false,"footnotes":""},"class_list":["post-2066","page","type-page","status-publish","hentry"],"acf":[],"yoast_head":"<!-- This site is optimized with the Yoast SEO plugin v27.1.1 - https:\/\/yoast.com\/product\/yoast-seo-wordpress\/ -->\n<title>Videos y descargas | VOXZOGO\u00ae (vosoritida)<\/title>\n<meta name=\"description\" content=\"Mire videos informativos y descargue recursos \u00fatiles para obtener m\u00e1s informaci\u00f3n sobre c\u00f3mo funciona VOXZOGO\u00ae (vosoritida), c\u00f3mo administrar VOXZOGO, c\u00f3mo viajar con VOXZOGO y m\u00e1s.\" \/>\n<meta name=\"robots\" content=\"index, follow, max-snippet:-1, max-image-preview:large, max-video-preview:-1\" \/>\n<link rel=\"canonical\" href=\"https:\/\/www.voxzogo.com\/es-us\/videos-y-descargas\/\" \/>\n<meta property=\"og:locale\" content=\"es_ES\" \/>\n<meta property=\"og:type\" content=\"article\" \/>\n<meta property=\"og:title\" content=\"Videos y descargas | VOXZOGO\u00ae (vosoritida)\" \/>\n<meta property=\"og:description\" content=\"Mire videos informativos y descargue recursos \u00fatiles para obtener m\u00e1s informaci\u00f3n sobre c\u00f3mo funciona VOXZOGO\u00ae (vosoritida), c\u00f3mo administrar VOXZOGO, c\u00f3mo viajar con VOXZOGO y m\u00e1s.\" \/>\n<meta property=\"og:url\" content=\"https:\/\/www.voxzogo.com\/es-us\/videos-y-descargas\/\" \/>\n<meta property=\"og:site_name\" content=\"BioMarin Voxzogo Patient ES-US\" \/>\n<meta property=\"article:modified_time\" content=\"2025-03-17T10:26:11+00:00\" \/>\n<meta name=\"twitter:card\" content=\"summary_large_image\" \/>\n<script type=\"application\/ld+json\" class=\"yoast-schema-graph\">{\"@context\":\"https:\/\/schema.org\",\"@graph\":[{\"@type\":\"WebPage\",\"@id\":\"https:\/\/www.voxzogo.com\/es-us\/videos-y-descargas\/\",\"url\":\"https:\/\/www.voxzogo.com\/es-us\/videos-y-descargas\/\",\"name\":\"Videos y descargas | VOXZOGO\u00ae (vosoritida)\",\"isPartOf\":{\"@id\":\"https:\/\/www.voxzogo.com\/es-us\/#website\"},\"datePublished\":\"2023-04-06T07:36:40+00:00\",\"dateModified\":\"2025-03-17T10:26:11+00:00\",\"description\":\"Mire videos informativos y descargue recursos \u00fatiles para obtener m\u00e1s informaci\u00f3n sobre c\u00f3mo funciona VOXZOGO\u00ae (vosoritida), c\u00f3mo administrar VOXZOGO, c\u00f3mo viajar con VOXZOGO y m\u00e1s.\",\"breadcrumb\":{\"@id\":\"https:\/\/www.voxzogo.com\/es-us\/videos-y-descargas\/#breadcrumb\"},\"inLanguage\":\"es\",\"potentialAction\":[{\"@type\":\"ReadAction\",\"target\":[\"https:\/\/www.voxzogo.com\/es-us\/videos-y-descargas\/\"]}]},{\"@type\":\"BreadcrumbList\",\"@id\":\"https:\/\/www.voxzogo.com\/es-us\/videos-y-descargas\/#breadcrumb\",\"itemListElement\":[{\"@type\":\"ListItem\",\"position\":1,\"name\":\"Home\",\"item\":\"https:\/\/www.voxzogo.com\/es-us\/\"},{\"@type\":\"ListItem\",\"position\":2,\"name\":\"Videos y descargas\"}]},{\"@type\":\"WebSite\",\"@id\":\"https:\/\/www.voxzogo.com\/es-us\/#website\",\"url\":\"https:\/\/www.voxzogo.com\/es-us\/\",\"name\":\"BioMarin Voxzogo Patient ES-US\",\"description\":\"\",\"potentialAction\":[{\"@type\":\"SearchAction\",\"target\":{\"@type\":\"EntryPoint\",\"urlTemplate\":\"https:\/\/www.voxzogo.com\/es-us\/?s={search_term_string}\"},\"query-input\":{\"@type\":\"PropertyValueSpecification\",\"valueRequired\":true,\"valueName\":\"search_term_string\"}}],\"inLanguage\":\"es\"}]}<\/script>\n<!-- \/ Yoast SEO plugin. -->","yoast_head_json":{"title":"Videos y descargas | VOXZOGO\u00ae (vosoritida)","description":"Mire videos informativos y descargue recursos \u00fatiles para obtener m\u00e1s informaci\u00f3n sobre c\u00f3mo funciona VOXZOGO\u00ae (vosoritida), c\u00f3mo administrar VOXZOGO, c\u00f3mo viajar con VOXZOGO y m\u00e1s.","robots":{"index":"index","follow":"follow","max-snippet":"max-snippet:-1","max-image-preview":"max-image-preview:large","max-video-preview":"max-video-preview:-1"},"canonical":"https:\/\/www.voxzogo.com\/es-us\/videos-y-descargas\/","og_locale":"es_ES","og_type":"article","og_title":"Videos y descargas | VOXZOGO\u00ae (vosoritida)","og_description":"Mire videos informativos y descargue recursos \u00fatiles para obtener m\u00e1s informaci\u00f3n sobre c\u00f3mo funciona VOXZOGO\u00ae (vosoritida), c\u00f3mo administrar VOXZOGO, c\u00f3mo viajar con VOXZOGO y m\u00e1s.","og_url":"https:\/\/www.voxzogo.com\/es-us\/videos-y-descargas\/","og_site_name":"BioMarin Voxzogo Patient ES-US","article_modified_time":"2025-03-17T10:26:11+00:00","twitter_card":"summary_large_image","schema":{"@context":"https:\/\/schema.org","@graph":[{"@type":"WebPage","@id":"https:\/\/www.voxzogo.com\/es-us\/videos-y-descargas\/","url":"https:\/\/www.voxzogo.com\/es-us\/videos-y-descargas\/","name":"Videos y descargas | VOXZOGO\u00ae (vosoritida)","isPartOf":{"@id":"https:\/\/www.voxzogo.com\/es-us\/#website"},"datePublished":"2023-04-06T07:36:40+00:00","dateModified":"2025-03-17T10:26:11+00:00","description":"Mire videos informativos y descargue recursos \u00fatiles para obtener m\u00e1s informaci\u00f3n sobre c\u00f3mo funciona VOXZOGO\u00ae (vosoritida), c\u00f3mo administrar VOXZOGO, c\u00f3mo viajar con VOXZOGO y m\u00e1s.","breadcrumb":{"@id":"https:\/\/www.voxzogo.com\/es-us\/videos-y-descargas\/#breadcrumb"},"inLanguage":"es","potentialAction":[{"@type":"ReadAction","target":["https:\/\/www.voxzogo.com\/es-us\/videos-y-descargas\/"]}]},{"@type":"BreadcrumbList","@id":"https:\/\/www.voxzogo.com\/es-us\/videos-y-descargas\/#breadcrumb","itemListElement":[{"@type":"ListItem","position":1,"name":"Home","item":"https:\/\/www.voxzogo.com\/es-us\/"},{"@type":"ListItem","position":2,"name":"Videos y descargas"}]},{"@type":"WebSite","@id":"https:\/\/www.voxzogo.com\/es-us\/#website","url":"https:\/\/www.voxzogo.com\/es-us\/","name":"BioMarin Voxzogo Patient ES-US","description":"","potentialAction":[{"@type":"SearchAction","target":{"@type":"EntryPoint","urlTemplate":"https:\/\/www.voxzogo.com\/es-us\/?s={search_term_string}"},"query-input":{"@type":"PropertyValueSpecification","valueRequired":true,"valueName":"search_term_string"}}],"inLanguage":"es"}]}},"_links":{"self":[{"href":"https:\/\/www.voxzogo.com\/es-us\/wp-json\/wp\/v2\/pages\/2066","targetHints":{"allow":["GET"]}}],"collection":[{"href":"https:\/\/www.voxzogo.com\/es-us\/wp-json\/wp\/v2\/pages"}],"about":[{"href":"https:\/\/www.voxzogo.com\/es-us\/wp-json\/wp\/v2\/types\/page"}],"author":[{"embeddable":true,"href":"https:\/\/www.voxzogo.com\/es-us\/wp-json\/wp\/v2\/users\/4"}],"replies":[{"embeddable":true,"href":"https:\/\/www.voxzogo.com\/es-us\/wp-json\/wp\/v2\/comments?post=2066"}],"version-history":[{"count":96,"href":"https:\/\/www.voxzogo.com\/es-us\/wp-json\/wp\/v2\/pages\/2066\/revisions"}],"predecessor-version":[{"id":5549,"href":"https:\/\/www.voxzogo.com\/es-us\/wp-json\/wp\/v2\/pages\/2066\/revisions\/5549"}],"wp:attachment":[{"href":"https:\/\/www.voxzogo.com\/es-us\/wp-json\/wp\/v2\/media?parent=2066"}],"curies":[{"name":"wp","href":"https:\/\/api.w.org\/{rel}","templated":true}]}}