{"id":2074,"date":"2023-04-06T07:42:06","date_gmt":"2023-04-06T07:42:06","guid":{"rendered":"https:\/\/www.voxzogo.com\/es-us\/?page_id=2074"},"modified":"2025-02-05T11:02:00","modified_gmt":"2025-02-05T11:02:00","slug":"apoyo-en-cada-paso","status":"publish","type":"page","link":"https:\/\/www.voxzogo.com\/es-us\/apoyo-en-cada-paso\/","title":{"rendered":"Support at every step"},"content":{"rendered":"<div id=\"acf-block-6668b1037650d\" class=\"block wrapped-content bg-band bg-band-secondary block-zero-top block-zero-bottom\">\n    <div class=\"wrapper\">\n        <div class=\"inner-wrapper\">\n                \n<div id=\"acf-block-6668b10376680\" class=\"block-wysiwyg\">\n            <h1 style=\"margin-bottom:0rem\">Apoyo continuo para ayudarlo a empezar<\/h1>\n    <\/div>\n        <\/div>\n    <\/div>\n<\/div>\n\n<div id=\"acf-block-64351422b301b\" class=\"block wrapped-content block-tight-top\">\n    <div class=\"wrapper\">\n        <div class=\"inner-wrapper\">\n                \n<div id=\"acf-block-64351422b3126\" class=\"block-wysiwyg\">\n            <h2>Educaci&#xF3;n individual sobre el f&#xE1;rmaco y capacitaci&#xF3;n sobre la inyecci&#xF3;n adaptada a las necesidades de su familia durante la terapia.<\/h2>\n    <\/div>\n        <\/div>\n    <\/div>\n<\/div>\n\n<div id=\"acf-block-6668483dc3582\" class=\"block split-content equal-bias bottom-border\" data-muted-autoplay=\"false\">\n\t<div class=\"wrapper\">\n\t\t<div class=\"inner-wrapper\">\n\t\t                                                                <div class=\"content-block first-block\">\n                                                                                                                                                                                                                                                                                    \n                                    \n                                                                                                                \n                                    \n                                    <figure>\n                                        <div class=\"image image-rounded\">\n                                                                                            <img decoding=\"async\" class=\"\" src=\"https:\/\/www.voxzogo.com\/es-us\/wp-content\/uploads\/sites\/7\/2024\/06\/VOX_Clinical-Coordinator_0189-1900x1267.jpg\" alt=\"Sonya, a BioMarin Clinical Coordinator, meeting with a child and their caregiver\"\/>                                                                                    <\/div>\n                                                                                    <figcaption><p>Sonya, coordinadora cl&#xED;nica de BioMarin<\/p>\n<\/figcaption>\n                                                                            <\/figure>\n                                                                                    <\/div>\n                    \n                                            <div class=\"content-block second-block\">\n                                                                                                <h3>&#x201C;Estoy disponible para brindar educaci&#xF3;n y apoyo sobre el f&#xE1;rmaco, siempre y cuando una familia lo necesite mientras su hijo est&#xE9; recibiendo VOXZOGO&#x201D;.<\/h3>\n<p>&#x2014;Sonya<\/p>\n                                                                                    <\/div>\n                                                \t\t<\/div>\n\t<\/div>\n<\/div>\n\n<div id=\"acf-block-666b157fe6e2e\" class=\"block split-content equal-bias block-zero-bottom\" data-muted-autoplay=\"false\">\n\t<div class=\"wrapper\">\n\t\t<div class=\"inner-wrapper\">\n\t\t                                                                <div class=\"content-block first-block\">\n                                                                                                                                                                                                                                                                                    \n                                    \n                                                                                                                \n                                    \n                                    <figure>\n                                        <div class=\"image image-rounded\">\n                                                                                            <img decoding=\"async\" class=\"\" src=\"https:\/\/www.voxzogo.com\/es-us\/wp-content\/uploads\/sites\/7\/2024\/06\/Coordinators.png?v=0.156\" alt=\"BioMarin Clinical Coordinators logo\"\/>                                                                                    <\/div>\n                                                                            <\/figure>\n                                                                                    <\/div>\n                    \n                                                \t\t<\/div>\n\t<\/div>\n<\/div>\n\n<div id=\"acf-block-6668483dc35d5\" class=\"block wrapped-content block-zero-top\">\n    <div class=\"wrapper\">\n        <div class=\"inner-wrapper\">\n                \n<div id=\"acf-block-6668483dc37dc\" class=\"block-wysiwyg\">\n            <h3>Los coordinadores cl&#xED;nicos de BioMarin proporcionan a las familias lo siguiente:<\/h3>\n    <\/div>\n        <\/div>\n    <\/div>\n<\/div>\n\n<div id=\"acf-block-6668483dc3a02\" class=\"block split-content equal-bias bottom-border\" data-muted-autoplay=\"false\">\n\t<div class=\"wrapper\">\n\t\t<div class=\"inner-wrapper\">\n\t\t                                                                <div class=\"content-block first-block\">\n                                                            \t\t                            \t\t                                                                    <ul class=\"icon-list\">\n                                                                                                                                                                                            <li style=\"background-image: url(https:\/\/www.voxzogo.com\/es-us\/wp-content\/uploads\/sites\/7\/2024\/06\/product_education.svg);\">\n                                                    <p>Educaci&#xF3;n sobre el f&#xE1;rmaco<\/p>\n                                                <\/li>\n                                                                                                                                                                                            <li style=\"background-image: url(https:\/\/www.voxzogo.com\/es-us\/wp-content\/uploads\/sites\/7\/2024\/06\/injection_training_icon.svg);\">\n                                                    <p>Capacitaci&#xF3;n para colocar inyecciones<\/p>\n                                                <\/li>\n                                                                                                                                                                                            <li style=\"background-image: url(https:\/\/www.voxzogo.com\/es-us\/wp-content\/uploads\/sites\/7\/2024\/06\/support_icon.svg);\">\n                                                    <p>Apoyo del f&#xE1;rmaco que es solo una llamada, un mensaje de texto o un correo electr&#xF3;nico<\/p>\n                                                <\/li>\n                                                                                    <\/ul>\n                                                                                                                        <\/div>\n                    \n                                                \t\t<\/div>\n\t<\/div>\n<\/div>\n\n<div id=\"acf-block-666b157fe719b\" class=\"block split-content equal-bias block-tight-bottom\" data-muted-autoplay=\"false\">\n\t<div class=\"wrapper\">\n\t\t<div class=\"inner-wrapper\">\n\t\t                                                                <div class=\"content-block first-block\">\n                                                                                                                                                                                                                                                                                    \n                                    \n                                                                                                                \n                                    \n                                    <figure>\n                                        <div class=\"image image-rounded\">\n                                                                                            <img decoding=\"async\" class=\"\" src=\"https:\/\/www.voxzogo.com\/es-us\/wp-content\/uploads\/sites\/7\/2024\/06\/rare_connections_logo@2x.png?v=0.156\" alt=\"BioMarin RareConnections logo\"\/>                                                                                    <\/div>\n                                                                            <\/figure>\n                                                                                    <\/div>\n                    \n                                                \t\t<\/div>\n\t<\/div>\n<\/div>\n\n<div id=\"acf-block-6668483dc3a55\" class=\"block wrapped-content block-zero-top\">\n    <div class=\"wrapper\">\n        <div class=\"inner-wrapper\">\n                \n<div id=\"acf-block-6668483dc3ab1\" class=\"block-wysiwyg\">\n            <h3>Los administradores de casos de BioMarin RareConnections proporcionan a las familias lo siguiente:<\/h3>\n    <\/div>\n        <\/div>\n    <\/div>\n<\/div>\n\n<div id=\"acf-block-6668483dc3b61\" class=\"block split-content equal-bias block-tight-bottom\" data-muted-autoplay=\"false\">\n\t<div class=\"wrapper\">\n\t\t<div class=\"inner-wrapper\">\n\t\t                                                                <div class=\"content-block first-block\">\n                                                            \t\t                            \t\t                                                                    <ul class=\"icon-list\">\n                                                                                                                                                                                            <li style=\"background-image: url(https:\/\/www.voxzogo.com\/es-us\/wp-content\/uploads\/sites\/7\/2024\/06\/location_icon.svg);\">\n                                                    <p>Ayuda para navegar por el proceso del seguro<\/p>\n                                                <\/li>\n                                                                                                                                                                                            <li style=\"background-image: url(https:\/\/www.voxzogo.com\/es-us\/wp-content\/uploads\/sites\/7\/2024\/06\/financial_icon.svg);\">\n                                                    <p>Apoyo para identificar opciones de asistencia financiera, como asistencia con copagos*<\/p>\n                                                <\/li>\n                                                                                    <\/ul>\n                                                                                                                        <\/div>\n                    \n                                            <div class=\"content-block second-block\">\n                                                            \t\t                            \t\t                                                                    <ul class=\"icon-list\">\n                                                                                                                                                                                            <li style=\"background-image: url(https:\/\/www.voxzogo.com\/es-us\/wp-content\/uploads\/sites\/7\/2024\/06\/educate_icon.svg);\">\n                                                    <p>Educaci&#xF3;n para m&#xE9;dicos sobre los requisitos de cobertura de seguro<\/p>\n                                                <\/li>\n                                                                                                                                                                                            <li style=\"background-image: url(https:\/\/www.voxzogo.com\/es-us\/wp-content\/uploads\/sites\/7\/2024\/06\/speciality_icon.svg);\">\n                                                    <p>Coordinaci&#xF3;n de farmacia especializada y entrega a domicilio<\/p>\n                                                <\/li>\n                                                                                    <\/ul>\n                                                                                                                        <\/div>\n                                                \t\t<\/div>\n\t<\/div>\n<\/div>\n\n<div id=\"acf-block-66a0d21c6367b\" class=\"block split-content equal-bias block-tight-top block-zero-bottom\" data-muted-autoplay=\"false\">\n\t<div class=\"wrapper\">\n\t\t<div class=\"inner-wrapper\">\n\t\t                                                                <div class=\"content-block first-block\">\n                                                                                                                                                                                                                                                                                    \n                                    \n                                                                                                                \n                                    \n                                    <figure>\n                                        <div class=\"image image-rounded\">\n                                                                                            <img decoding=\"async\" class=\"\" src=\"https:\/\/www.voxzogo.com\/es-us\/wp-content\/uploads\/sites\/7\/2025\/01\/96_percent_of_familes-1-e1721815760298-1900x449_ES-1900x449.png\" alt=\"\"\/>                                                                                    <\/div>\n                                                                            <\/figure>\n                                                                                    <\/div>\n                    \n                                            <div class=\"content-block second-block\">\n                                                                                                                                                                                                                                                                                                                                                                                                                                        <p><a class=\"button button-arrow\" href=\"https:\/\/www.biomarin-rareconnections.com\/en-espanol\/\" target=\"_blank\">Obtenga m&#xE1;s informaci&#xF3;n sobre el programa<\/a><\/p>\n                                                                                                                        <\/div>\n                                                \t\t<\/div>\n\t<\/div>\n<\/div>\n\n<div id=\"acf-block-66a0d3088af4c\" class=\"block wrapped-content block-zero-top block-tight-bottom\">\n    <div class=\"wrapper\">\n        <div class=\"inner-wrapper\">\n                \n<div id=\"acf-block-66a0d3088b0f1\" class=\"block-wysiwyg\">\n            <p><sup>Datos de BioMarin RareConnections en archivo. Los pacientes que reciben VOXZOGO son pacientes elegibles que se han inscrito en BioMarin RareConnections y est&#xE1;n recibiendo terapia comercial. Datos de BioMarin RareConnections desde enero hasta diciembre de 2023.<\/sup><\/p>\n    <\/div>\n        <\/div>\n    <\/div>\n<\/div>\n\n<div id=\"acf-block-66682eba14268\" class=\"block wrapped-content bg-band bg-band-secondary block-zero-bottom\">\n    <div class=\"wrapper\">\n        <div class=\"inner-wrapper\">\n                \n<div id=\"acf-block-66682eba1428e\" class=\"block-wysiwyg\">\n            <h4>Comun&#xED;quese con un representante de BioMarin para conocer todas las diferentes formas en las que podemos apoyar a su familia durante todo el tiempo que su hijo est&#xE9; en la terapia.<\/h4>\n<p><a class=\"button button-arrow\" href=\"https:\/\/www.voxzogo.com\/es-us\/comunicarse-con-un-representante\/\">Comunicarse con un representante<\/a><\/p>\n<p>&#xA0;<\/p>\n<p style=\"color: #707070;font-size: 0.8rem\">*V&#xE1;lido solo para aquellos pacientes con cobertura de seguro de receta comercial para VOXZOGO que cumplan con los requisitos de elegibilidad. Oferta no v&#xE1;lida para recetas reembolsadas, en su totalidad o en parte, por cualquier programa de seguro financiado por el gobierno, el estado o el gobierno (por ejemplo, Medicare, Medicare Advantage, Medigap, Medicaid, VA, DoD o TRICARE), para pacientes que pagan en efectivo, cuando el producto no est&#xE1; cubierto por el seguro comercial del paciente, donde el plan de seguro comercial del paciente les reembolsa el costo total de su f&#xE1;rmaco recetado, o cuando lo proh&#xED;be la ley o el proveedor de seguro m&#xE9;dico del paciente. Si en cualquier momento un paciente comienza a recibir cobertura de f&#xE1;rmacos con receta en virtud de dicho programa de atenci&#xF3;n de la salud federal, estatal o financiado por el gobierno, el paciente ya no podr&#xE1; usar el Programa de asistencia con copagos de VOXZOGO y el paciente debe notificar a BioMarin RareConnections al 1.833.869.9646 para dejar de participar. Los pacientes no pueden solicitar un reembolso por el valor del monto del gasto de bolsillo cubierto por el Programa de ning&#xFA;n tercero pagador, ya sea p&#xFA;blico o privado. V&#xE1;lido solo en los Estados Unidos y Puerto Rico. Este programa no es un seguro de salud. La oferta no puede combinarse con ning&#xFA;n otro reembolso, cup&#xF3;n u oferta. La asistencia con copagos en virtud del Programa no es transferible. BioMarin Pharmaceutical Inc. se reserva el derecho de rescindir, revocar o modificar el programa sin previo aviso. El paciente\/cuidador certifica la responsabilidad de cumplir con las limitaciones aplicables, si las hubiera, de cualquier seguro comercial y de informar la recepci&#xF3;n de las recompensas del programa, si es necesario, a cualquier aseguradora comercial. Este programa est&#xE1; sujeto a rescisi&#xF3;n o modificaci&#xF3;n en cualquier momento.<\/p>\n    <\/div>\n        <\/div>\n    <\/div>\n<\/div>","protected":false},"excerpt":{"rendered":"","protected":false},"author":4,"featured_media":0,"parent":0,"menu_order":0,"comment_status":"closed","ping_status":"closed","template":"","meta":{"_acf_changed":false,"inline_featured_image":false,"footnotes":""},"class_list":["post-2074","page","type-page","status-publish","hentry"],"acf":[],"yoast_head":"<!-- This site is optimized with the Yoast SEO plugin v27.1.1 - https:\/\/yoast.com\/product\/yoast-seo-wordpress\/ -->\n<title>Apoyo | VOXZOGO\u00ae (vosoritida)<\/title>\n<meta name=\"description\" content=\"Estas organizaciones pueden brindar apoyo a los ni\u00f1os y sus familias. Empiece aqu\u00ed para encontrar recursos en su \u00e1rea.\" \/>\n<meta name=\"robots\" content=\"index, follow, max-snippet:-1, max-image-preview:large, max-video-preview:-1\" \/>\n<link rel=\"canonical\" href=\"https:\/\/www.voxzogo.com\/es-us\/apoyo-en-cada-paso\/\" \/>\n<meta property=\"og:locale\" content=\"es_ES\" \/>\n<meta property=\"og:type\" content=\"article\" \/>\n<meta property=\"og:title\" content=\"Apoyo | VOXZOGO\u00ae (vosoritida)\" \/>\n<meta property=\"og:description\" content=\"Estas organizaciones pueden brindar apoyo a los ni\u00f1os y sus familias. Empiece aqu\u00ed para encontrar recursos en su \u00e1rea.\" \/>\n<meta property=\"og:url\" content=\"https:\/\/www.voxzogo.com\/es-us\/apoyo-en-cada-paso\/\" \/>\n<meta property=\"og:site_name\" content=\"BioMarin Voxzogo Patient ES-US\" \/>\n<meta property=\"article:modified_time\" content=\"2025-02-05T11:02:00+00:00\" \/>\n<meta name=\"twitter:card\" content=\"summary_large_image\" \/>\n<script type=\"application\/ld+json\" class=\"yoast-schema-graph\">{\"@context\":\"https:\/\/schema.org\",\"@graph\":[{\"@type\":\"WebPage\",\"@id\":\"https:\/\/www.voxzogo.com\/es-us\/apoyo-en-cada-paso\/\",\"url\":\"https:\/\/www.voxzogo.com\/es-us\/apoyo-en-cada-paso\/\",\"name\":\"Apoyo | VOXZOGO\u00ae (vosoritida)\",\"isPartOf\":{\"@id\":\"https:\/\/www.voxzogo.com\/es-us\/#website\"},\"datePublished\":\"2023-04-06T07:42:06+00:00\",\"dateModified\":\"2025-02-05T11:02:00+00:00\",\"description\":\"Estas organizaciones pueden brindar apoyo a los ni\u00f1os y sus familias. Empiece aqu\u00ed para encontrar recursos en su \u00e1rea.\",\"breadcrumb\":{\"@id\":\"https:\/\/www.voxzogo.com\/es-us\/apoyo-en-cada-paso\/#breadcrumb\"},\"inLanguage\":\"es\",\"potentialAction\":[{\"@type\":\"ReadAction\",\"target\":[\"https:\/\/www.voxzogo.com\/es-us\/apoyo-en-cada-paso\/\"]}]},{\"@type\":\"BreadcrumbList\",\"@id\":\"https:\/\/www.voxzogo.com\/es-us\/apoyo-en-cada-paso\/#breadcrumb\",\"itemListElement\":[{\"@type\":\"ListItem\",\"position\":1,\"name\":\"Home\",\"item\":\"https:\/\/www.voxzogo.com\/es-us\/\"},{\"@type\":\"ListItem\",\"position\":2,\"name\":\"Support at every step\"}]},{\"@type\":\"WebSite\",\"@id\":\"https:\/\/www.voxzogo.com\/es-us\/#website\",\"url\":\"https:\/\/www.voxzogo.com\/es-us\/\",\"name\":\"BioMarin Voxzogo Patient ES-US\",\"description\":\"\",\"potentialAction\":[{\"@type\":\"SearchAction\",\"target\":{\"@type\":\"EntryPoint\",\"urlTemplate\":\"https:\/\/www.voxzogo.com\/es-us\/?s={search_term_string}\"},\"query-input\":{\"@type\":\"PropertyValueSpecification\",\"valueRequired\":true,\"valueName\":\"search_term_string\"}}],\"inLanguage\":\"es\"}]}<\/script>\n<!-- \/ Yoast SEO plugin. -->","yoast_head_json":{"title":"Apoyo | VOXZOGO\u00ae (vosoritida)","description":"Estas organizaciones pueden brindar apoyo a los ni\u00f1os y sus familias. Empiece aqu\u00ed para encontrar recursos en su \u00e1rea.","robots":{"index":"index","follow":"follow","max-snippet":"max-snippet:-1","max-image-preview":"max-image-preview:large","max-video-preview":"max-video-preview:-1"},"canonical":"https:\/\/www.voxzogo.com\/es-us\/apoyo-en-cada-paso\/","og_locale":"es_ES","og_type":"article","og_title":"Apoyo | VOXZOGO\u00ae (vosoritida)","og_description":"Estas organizaciones pueden brindar apoyo a los ni\u00f1os y sus familias. Empiece aqu\u00ed para encontrar recursos en su \u00e1rea.","og_url":"https:\/\/www.voxzogo.com\/es-us\/apoyo-en-cada-paso\/","og_site_name":"BioMarin Voxzogo Patient ES-US","article_modified_time":"2025-02-05T11:02:00+00:00","twitter_card":"summary_large_image","schema":{"@context":"https:\/\/schema.org","@graph":[{"@type":"WebPage","@id":"https:\/\/www.voxzogo.com\/es-us\/apoyo-en-cada-paso\/","url":"https:\/\/www.voxzogo.com\/es-us\/apoyo-en-cada-paso\/","name":"Apoyo | VOXZOGO\u00ae (vosoritida)","isPartOf":{"@id":"https:\/\/www.voxzogo.com\/es-us\/#website"},"datePublished":"2023-04-06T07:42:06+00:00","dateModified":"2025-02-05T11:02:00+00:00","description":"Estas organizaciones pueden brindar apoyo a los ni\u00f1os y sus familias. Empiece aqu\u00ed para encontrar recursos en su \u00e1rea.","breadcrumb":{"@id":"https:\/\/www.voxzogo.com\/es-us\/apoyo-en-cada-paso\/#breadcrumb"},"inLanguage":"es","potentialAction":[{"@type":"ReadAction","target":["https:\/\/www.voxzogo.com\/es-us\/apoyo-en-cada-paso\/"]}]},{"@type":"BreadcrumbList","@id":"https:\/\/www.voxzogo.com\/es-us\/apoyo-en-cada-paso\/#breadcrumb","itemListElement":[{"@type":"ListItem","position":1,"name":"Home","item":"https:\/\/www.voxzogo.com\/es-us\/"},{"@type":"ListItem","position":2,"name":"Support at every step"}]},{"@type":"WebSite","@id":"https:\/\/www.voxzogo.com\/es-us\/#website","url":"https:\/\/www.voxzogo.com\/es-us\/","name":"BioMarin Voxzogo Patient ES-US","description":"","potentialAction":[{"@type":"SearchAction","target":{"@type":"EntryPoint","urlTemplate":"https:\/\/www.voxzogo.com\/es-us\/?s={search_term_string}"},"query-input":{"@type":"PropertyValueSpecification","valueRequired":true,"valueName":"search_term_string"}}],"inLanguage":"es"}]}},"_links":{"self":[{"href":"https:\/\/www.voxzogo.com\/es-us\/wp-json\/wp\/v2\/pages\/2074","targetHints":{"allow":["GET"]}}],"collection":[{"href":"https:\/\/www.voxzogo.com\/es-us\/wp-json\/wp\/v2\/pages"}],"about":[{"href":"https:\/\/www.voxzogo.com\/es-us\/wp-json\/wp\/v2\/types\/page"}],"author":[{"embeddable":true,"href":"https:\/\/www.voxzogo.com\/es-us\/wp-json\/wp\/v2\/users\/4"}],"replies":[{"embeddable":true,"href":"https:\/\/www.voxzogo.com\/es-us\/wp-json\/wp\/v2\/comments?post=2074"}],"version-history":[{"count":111,"href":"https:\/\/www.voxzogo.com\/es-us\/wp-json\/wp\/v2\/pages\/2074\/revisions"}],"predecessor-version":[{"id":5479,"href":"https:\/\/www.voxzogo.com\/es-us\/wp-json\/wp\/v2\/pages\/2074\/revisions\/5479"}],"wp:attachment":[{"href":"https:\/\/www.voxzogo.com\/es-us\/wp-json\/wp\/v2\/media?parent=2074"}],"curies":[{"name":"wp","href":"https:\/\/api.w.org\/{rel}","templated":true}]}}