{"id":61,"date":"2022-11-28T20:54:11","date_gmt":"2022-11-28T20:54:11","guid":{"rendered":"https:\/\/voxzogohcp-dev-001.azurewebsites.net\/en-us\/voxzogo\/?page_id=61"},"modified":"2025-02-05T11:17:21","modified_gmt":"2025-02-05T11:17:21","slug":"voxzogo-seguridad","status":"publish","type":"page","link":"https:\/\/www.voxzogo.com\/es-us\/voxzogo-seguridad\/","title":{"rendered":"VOXZOGO Safety"},"content":{"rendered":"<div id=\"acf-block-6668b1037650d\" class=\"block wrapped-content bg-band bg-band-secondary block-zero-top block-tight-bottom\">\n    <div class=\"wrapper\">\n        <div class=\"inner-wrapper\">\n                \n<div id=\"acf-block-6668b10376680\" class=\"block-wysiwyg\">\n            <h1 style=\"margin-bottom:0rem\">La seguridad de VOXZOGO se estudi&#xF3; en 2 estudios cl&#xED;nicos s&#xF3;lidos<\/h1>\n    <\/div>\n        <\/div>\n    <\/div>\n<\/div>\n\n<div id=\"acf-block-63f60235e21ec\" class=\"block wrapped-content block-zero-top\">\n    <div class=\"wrapper\">\n        <div class=\"inner-wrapper\">\n                \n<div id=\"acf-block-63f60235e2203\" class=\"block-wysiwyg\">\n            <h2>Es importante saber lo siguiente:<\/h2>\n<ul>\n<li>VOXZOGO podr&iacute;a ocasionar <span class=\"glossaryLink\"  aria-describedby=\"tt\"  data-cmtooltip=\"&lt;div class=glossaryItemTitle&gt;Efectos secundarios&lt;\/div&gt;&lt;div class=glossaryItemBody&gt;&amp;lt;!-- wp:paragraph --&amp;gt;Tambi&eacute;n conocidas como &amp;quot;reacciones adversas&rdquo;, son complicaciones no deseadas que pueden surgir de un medicamento. Pueden ser leves o m&aacute;s graves.&amp;lt;br\/&amp;gt;&amp;lt;!-- \/wp:paragraph --&amp;gt;&amp;lt;!-- wp:paragraph --&amp;gt;&amp;lt;br\/&amp;gt;&amp;lt;!-- \/wp:paragraph --&amp;gt;&lt;\/div&gt;\"  data-mobile-support=\"0\"  data-gt-translate-attributes='[{\"attribute\":\"data-cmtooltip\", \"format\":\"html\"}]' tabindex='0' role='link'>efectos secundarios<\/span> graves, entre ellos una disminuci&oacute;n temporal de la presi&oacute;n arterial en algunos ni&ntilde;os.<\/li>\n<li>Puede reducir el riesgo de disminuci&#xF3;n de la presi&#xF3;n arterial y s&#xED;ntomas asociados (mareos, sensaci&#xF3;n de cansancio o n&#xE1;useas) al seguir estos pasos en la hora previa a recibir VOXZOGO:<\/li>\n<ul>\n<li><strong>Estar bien alimentado <\/strong><\/li>\n<li><strong>Estar bien hidratado<\/strong><\/li>\n<\/ul>\n\n<\/ul>\n    <\/div>\n        <\/div>\n    <\/div>\n<\/div>\n\n<div id=\"acf-block-63f60235e21ec\" class=\"block wrapped-content block-zero-bottom\">\n    <div class=\"wrapper\">\n        <div class=\"inner-wrapper\">\n                \n<div id=\"acf-block-63f60235e2203\" class=\"block-wysiwyg\">\n            <h2>Estos efectos secundarios se observaron en ni&#xF1;os de 5 a 15 a&#xF1;os de edad.<\/h2>\n<p>Esta tabla muestra la cantidad (n) de pacientes que experimentaron los efectos secundarios m&#xE1;s frecuentes observados en m&#xE1;s del 10&#xA0;% de los pacientes que recibieron VOXZOGO<sup>&#xAE;<\/sup> (vosoritida) durante 1 a&#xF1;o en un ensayo cl&#xED;nico*<\/p>\n    <\/div>\n\n<figure id=\"acf-block-66681a47c71d4\">\n    <div class=\"image image-rounded image-align-left\">\n                    <img decoding=\"async\" class=\"\" src=\"https:\/\/www.voxzogo.com\/es-us\/wp-content\/uploads\/sites\/7\/2025\/01\/BVOX_PatWebSite_SideEffects_Graphic_4_ES.png?v=0.156\" alt=\"\"\/>            <\/div>\n    <\/figure>\n\n<div id=\"acf-block-66681a47c7202\" class=\"block-wysiwyg\">\n            <p style=\"color: #707070;font-size: .8rem\">*Incluye reacciones adversas que ocurrieron en m&aacute;s del 10&nbsp;% de los pacientes que recibieron VOXZOGO y con mayor frecuencia en el grupo de VOXZOGO con una diferencia de riesgo de &ge;5&nbsp;% (es decir, diferencia de &gt;2 sujetos) entre los grupos de tratamiento.<\/p>\n<p style=\"color: #707070;font-size: .8rem\"><sup>&#x2020;<\/sup>Reacciones en el lugar de inyecci&#xF3;n que ocurrieron con mayor frecuencia en sujetos tratados con VOXZOGO que con placebo.<\/p>\n<p style=\"color: #707070;font-size: .8rem\"><sup>&#x2021;<\/sup>Incluye los t&#xE9;rminos preferidos: gastroenteritis y gastroenteritis, viral.<\/p>\n    <\/div>\n        <\/div>\n    <\/div>\n<\/div>\n\n<div id=\"acf-block-63f60235e21ec\" class=\"block wrapped-content block-zero-bottom\">\n    <div class=\"wrapper\">\n        <div class=\"inner-wrapper\">\n                \n<div id=\"acf-block-63f60235e2203\" class=\"block-wysiwyg\">\n            <h2>El perfil de seguridad general de VOXZOGO en ni&#xF1;os menores de 5 a&#xF1;os fue similar al observado en ni&#xF1;os mayores de 5 a&#xF1;os.<\/h2>\n<p>Los efectos secundarios m&#xE1;s frecuentes observados en m&#xE1;s del 10&#xA0;% de los pacientes de VOXZOGO&#xAE;(vosoritida) menores de 5 a&#xF1;os fueron reacciones en el lugar de inyecci&#xF3;n (86&#xA0;%) y erupci&#xF3;n cut&#xE1;nea (28&#xA0;%).<\/p>\n    <\/div>\n        <\/div>\n    <\/div>\n<\/div>\n\n<div id=\"acf-block-666759e2d5f38\" class=\"block boxed-content block-tight-top block-tight-bottom\">\n\t<div class=\"wrapper\">\n\t\t<div class=\"inner-wrapper\">\n\t\t\t<div class=\"box\">\n\t\t\t\t\t\t\t\t\n<div id=\"acf-block-66680009bfb50\" class=\"block-wysiwyg\">\n            <h2>El 97&#xA0;% de los ni&#xF1;os de 5 a 15 a&#xF1;os (58\/60) continu&#xF3; tomando VOXZOGO despu&#xE9;s de 1 a&#xF1;o<sup>&#xA7;<\/sup><\/h2>\n    <\/div>\n\t\t\t<\/div>\n\t\t<\/div>\n\t<\/div>\n<\/div>\n\n<div id=\"acf-block-63f60235e21ec\" class=\"block wrapped-content block-zero-top\">\n    <div class=\"wrapper\">\n        <div class=\"inner-wrapper\">\n                \n<div id=\"acf-block-66681a47c730f\" class=\"block-wysiwyg\">\n            <p style=\"color: #707070;font-size: .8rem\"><sup>&#xA7;<\/sup>1 ni&#xF1;o interrumpi&#xF3; el tratamiento debido al dolor causado por la inyecci&#xF3;n y 1 ni&#xF1;o interrumpi&#xF3; el tratamiento debido al miedo a las agujas.<\/p>\n    <\/div>\n        <\/div>\n    <\/div>\n<\/div>\n\n<div id=\"acf-block-66682eba14268\" class=\"block wrapped-content bg-band bg-band-secondary block-tight-top block-zero-bottom\">\n    <div class=\"wrapper\">\n        <div class=\"inner-wrapper\">\n                \n<div id=\"acf-block-66682eba1428e\" class=\"block-wysiwyg\">\n            <h4>Obtenga m&#xE1;s informaci&#xF3;n sobre c&#xF3;mo administrar VOXZOGO a su hijo.<\/h4>\n<p><a class=\"button button-arrow\" href=\"https:\/\/www.voxzogo.com\/es-us\/administracion-de-voxzogo-a-su-hijo\/\" target=\"_self\">Obtenga m&#xE1;s detalles<\/a><\/p>\n    <\/div>\n        <\/div>\n    <\/div>\n<\/div>\n\n<div id=\"acf-block-6673ed165591e\" class=\"block wide-call-to-action block-tight-top block-zero-top block-tight-bottom block-zero-bottom\">\n    <div class=\"wrapper\">\n\t\t<div class=\"inner-wrapper\">\n\t\t\t<div class=\"cta-content\">\n                                    <div class=\"title-block\">\n                        <h2>&#xBF;Tiene preguntas adicionales?<\/h2>\n                    <\/div>\n                                <div class=\"content-block\">\n                                            <h3>Haga que un representante local de BioMarin se comunique con usted.<\/h3>\n                                                                \n                        <p><a class=\"button button-ghost button-arrow\" href=\"https:\/\/www.voxzogo.com\/es-us\/comunicarse-con-un-representante\/\" target=\"_self\">Comunicarse con un representante<\/a><\/p>\n                                    <\/div>\n            <\/div>            \n\t\t<\/div>\n\t<\/div>\n<\/div>","protected":false},"excerpt":{"rendered":"","protected":false},"author":4,"featured_media":0,"parent":0,"menu_order":0,"comment_status":"closed","ping_status":"closed","template":"","meta":{"_acf_changed":false,"inline_featured_image":false,"footnotes":""},"class_list":["post-61","page","type-page","status-publish","hentry"],"acf":[],"yoast_head":"<!-- This site is optimized with the Yoast SEO plugin v27.1.1 - https:\/\/yoast.com\/product\/yoast-seo-wordpress\/ -->\n<title>VOXZOGO\u00ae (vosoritida) | Seguridad y efectos secundarios<\/title>\n<meta name=\"description\" content=\"La seguridad de VOXZOGO\u00ae se estudi\u00f3 en 2 estudios cl\u00ednicos s\u00f3lidos. Obtenga m\u00e1s informaci\u00f3n sobre la seguridad de VOXZOGO\u00ae, incluidos los posibles efectos secundarios.\" \/>\n<meta name=\"robots\" content=\"index, follow, max-snippet:-1, max-image-preview:large, max-video-preview:-1\" \/>\n<link rel=\"canonical\" href=\"https:\/\/www.voxzogo.com\/es-us\/voxzogo-seguridad\/\" \/>\n<meta property=\"og:locale\" content=\"es_ES\" \/>\n<meta property=\"og:type\" content=\"article\" \/>\n<meta property=\"og:title\" content=\"VOXZOGO\u00ae (vosoritida) | Seguridad y efectos secundarios\" \/>\n<meta property=\"og:description\" content=\"La seguridad de VOXZOGO\u00ae se estudi\u00f3 en 2 estudios cl\u00ednicos s\u00f3lidos. Obtenga m\u00e1s informaci\u00f3n sobre la seguridad de VOXZOGO\u00ae, incluidos los posibles efectos secundarios.\" \/>\n<meta property=\"og:url\" content=\"https:\/\/www.voxzogo.com\/es-us\/voxzogo-seguridad\/\" \/>\n<meta property=\"og:site_name\" content=\"BioMarin Voxzogo Patient ES-US\" \/>\n<meta property=\"article:modified_time\" content=\"2025-02-05T11:17:21+00:00\" \/>\n<meta name=\"twitter:card\" content=\"summary_large_image\" \/>\n<script type=\"application\/ld+json\" class=\"yoast-schema-graph\">{\"@context\":\"https:\/\/schema.org\",\"@graph\":[{\"@type\":\"WebPage\",\"@id\":\"https:\/\/www.voxzogo.com\/es-us\/voxzogo-seguridad\/\",\"url\":\"https:\/\/www.voxzogo.com\/es-us\/voxzogo-seguridad\/\",\"name\":\"VOXZOGO\u00ae (vosoritida) | Seguridad y efectos secundarios\",\"isPartOf\":{\"@id\":\"https:\/\/www.voxzogo.com\/es-us\/#website\"},\"datePublished\":\"2022-11-28T20:54:11+00:00\",\"dateModified\":\"2025-02-05T11:17:21+00:00\",\"description\":\"La seguridad de VOXZOGO\u00ae se estudi\u00f3 en 2 estudios cl\u00ednicos s\u00f3lidos. Obtenga m\u00e1s informaci\u00f3n sobre la seguridad de VOXZOGO\u00ae, incluidos los posibles efectos secundarios.\",\"breadcrumb\":{\"@id\":\"https:\/\/www.voxzogo.com\/es-us\/voxzogo-seguridad\/#breadcrumb\"},\"inLanguage\":\"es\",\"potentialAction\":[{\"@type\":\"ReadAction\",\"target\":[\"https:\/\/www.voxzogo.com\/es-us\/voxzogo-seguridad\/\"]}]},{\"@type\":\"BreadcrumbList\",\"@id\":\"https:\/\/www.voxzogo.com\/es-us\/voxzogo-seguridad\/#breadcrumb\",\"itemListElement\":[{\"@type\":\"ListItem\",\"position\":1,\"name\":\"Home\",\"item\":\"https:\/\/www.voxzogo.com\/es-us\/\"},{\"@type\":\"ListItem\",\"position\":2,\"name\":\"VOXZOGO Safety\"}]},{\"@type\":\"WebSite\",\"@id\":\"https:\/\/www.voxzogo.com\/es-us\/#website\",\"url\":\"https:\/\/www.voxzogo.com\/es-us\/\",\"name\":\"BioMarin Voxzogo Patient ES-US\",\"description\":\"\",\"potentialAction\":[{\"@type\":\"SearchAction\",\"target\":{\"@type\":\"EntryPoint\",\"urlTemplate\":\"https:\/\/www.voxzogo.com\/es-us\/?s={search_term_string}\"},\"query-input\":{\"@type\":\"PropertyValueSpecification\",\"valueRequired\":true,\"valueName\":\"search_term_string\"}}],\"inLanguage\":\"es\"}]}<\/script>\n<!-- \/ Yoast SEO plugin. -->","yoast_head_json":{"title":"VOXZOGO\u00ae (vosoritida) | Seguridad y efectos secundarios","description":"La seguridad de VOXZOGO\u00ae se estudi\u00f3 en 2 estudios cl\u00ednicos s\u00f3lidos. Obtenga m\u00e1s informaci\u00f3n sobre la seguridad de VOXZOGO\u00ae, incluidos los posibles efectos secundarios.","robots":{"index":"index","follow":"follow","max-snippet":"max-snippet:-1","max-image-preview":"max-image-preview:large","max-video-preview":"max-video-preview:-1"},"canonical":"https:\/\/www.voxzogo.com\/es-us\/voxzogo-seguridad\/","og_locale":"es_ES","og_type":"article","og_title":"VOXZOGO\u00ae (vosoritida) | Seguridad y efectos secundarios","og_description":"La seguridad de VOXZOGO\u00ae se estudi\u00f3 en 2 estudios cl\u00ednicos s\u00f3lidos. Obtenga m\u00e1s informaci\u00f3n sobre la seguridad de VOXZOGO\u00ae, incluidos los posibles efectos secundarios.","og_url":"https:\/\/www.voxzogo.com\/es-us\/voxzogo-seguridad\/","og_site_name":"BioMarin Voxzogo Patient ES-US","article_modified_time":"2025-02-05T11:17:21+00:00","twitter_card":"summary_large_image","schema":{"@context":"https:\/\/schema.org","@graph":[{"@type":"WebPage","@id":"https:\/\/www.voxzogo.com\/es-us\/voxzogo-seguridad\/","url":"https:\/\/www.voxzogo.com\/es-us\/voxzogo-seguridad\/","name":"VOXZOGO\u00ae (vosoritida) | Seguridad y efectos secundarios","isPartOf":{"@id":"https:\/\/www.voxzogo.com\/es-us\/#website"},"datePublished":"2022-11-28T20:54:11+00:00","dateModified":"2025-02-05T11:17:21+00:00","description":"La seguridad de VOXZOGO\u00ae se estudi\u00f3 en 2 estudios cl\u00ednicos s\u00f3lidos. Obtenga m\u00e1s informaci\u00f3n sobre la seguridad de VOXZOGO\u00ae, incluidos los posibles efectos secundarios.","breadcrumb":{"@id":"https:\/\/www.voxzogo.com\/es-us\/voxzogo-seguridad\/#breadcrumb"},"inLanguage":"es","potentialAction":[{"@type":"ReadAction","target":["https:\/\/www.voxzogo.com\/es-us\/voxzogo-seguridad\/"]}]},{"@type":"BreadcrumbList","@id":"https:\/\/www.voxzogo.com\/es-us\/voxzogo-seguridad\/#breadcrumb","itemListElement":[{"@type":"ListItem","position":1,"name":"Home","item":"https:\/\/www.voxzogo.com\/es-us\/"},{"@type":"ListItem","position":2,"name":"VOXZOGO Safety"}]},{"@type":"WebSite","@id":"https:\/\/www.voxzogo.com\/es-us\/#website","url":"https:\/\/www.voxzogo.com\/es-us\/","name":"BioMarin Voxzogo Patient ES-US","description":"","potentialAction":[{"@type":"SearchAction","target":{"@type":"EntryPoint","urlTemplate":"https:\/\/www.voxzogo.com\/es-us\/?s={search_term_string}"},"query-input":{"@type":"PropertyValueSpecification","valueRequired":true,"valueName":"search_term_string"}}],"inLanguage":"es"}]}},"_links":{"self":[{"href":"https:\/\/www.voxzogo.com\/es-us\/wp-json\/wp\/v2\/pages\/61","targetHints":{"allow":["GET"]}}],"collection":[{"href":"https:\/\/www.voxzogo.com\/es-us\/wp-json\/wp\/v2\/pages"}],"about":[{"href":"https:\/\/www.voxzogo.com\/es-us\/wp-json\/wp\/v2\/types\/page"}],"author":[{"embeddable":true,"href":"https:\/\/www.voxzogo.com\/es-us\/wp-json\/wp\/v2\/users\/4"}],"replies":[{"embeddable":true,"href":"https:\/\/www.voxzogo.com\/es-us\/wp-json\/wp\/v2\/comments?post=61"}],"version-history":[{"count":161,"href":"https:\/\/www.voxzogo.com\/es-us\/wp-json\/wp\/v2\/pages\/61\/revisions"}],"predecessor-version":[{"id":5500,"href":"https:\/\/www.voxzogo.com\/es-us\/wp-json\/wp\/v2\/pages\/61\/revisions\/5500"}],"wp:attachment":[{"href":"https:\/\/www.voxzogo.com\/es-us\/wp-json\/wp\/v2\/media?parent=61"}],"curies":[{"name":"wp","href":"https:\/\/api.w.org\/{rel}","templated":true}]}}